{"id":4393,"date":"2023-11-01T16:52:14","date_gmt":"2023-11-01T13:22:14","guid":{"rendered":"https:\/\/omishad.com\/?post_type=product&#038;p=4393"},"modified":"2025-10-16T02:04:31","modified_gmt":"2025-10-15T22:34:31","slug":"%d8%b3%d9%85%d8%a7%d9%82-%d9%82%d8%b1%d9%85%d8%b2-%d8%b9%d8%b2%db%8c%d8%b2-%d8%a7%d8%b9%d9%84%d8%a7-%d8%a8%d8%b3%d8%aa%d9%87-40-%da%a9%db%8c%d9%84%d9%88%db%8c%db%8c","status":"publish","type":"product","link":"https:\/\/omishad.com\/tr\/urun\/%d8%b3%d9%85%d8%a7%d9%82-%d9%82%d8%b1%d9%85%d8%b2-%d8%b9%d8%b2%db%8c%d8%b2-%d8%a7%d8%b9%d9%84%d8%a7-%d8%a8%d8%b3%d8%aa%d9%87-40-%da%a9%db%8c%d9%84%d9%88%db%8c%db%8c\/","title":{"rendered":"\u0633\u0645\u0627\u0642 \u0639\u0632\u06cc\u0632 \u0642\u0631\u0645\u0632 \u0627\u0639\u0644\u0627 \u0639\u0645\u062f\u0647 \u06f4\u06f0 \u06a9\u06cc\u0644\u0648\u06cc\u06cc"},"content":{"rendered":"<h2 style=\"text-align: center;\">\u0645\u0639\u0631\u0641\u06cc \u0633\u0645\u0627\u0642 \u0639\u0632\u06cc\u0632 \u0642\u0631\u0645\u0632 \u0627\u0639\u0644\u0627 \u0639\u0645\u062f\u0647 \u06f4\u06f0 \u06a9\u06cc\u0644\u0648\u06cc\u06cc<\/h2>\n<p><strong>\u067e\u0648\u062f\u0631 \u0633\u0645\u0627\u0642 \u0642\u0631\u0645\u0632 \u0639\u0632\u06cc\u0632 \u0627\u0639\u0644\u0627 <span style=\"color: #993366;\"><a style=\"color: #993366;\" href=\"https:\/\/omishad.com\/product-tag\/major\/\">\u0639\u0645\u062f\u0647<\/a><\/span><\/strong> <strong>\u06f4\u06f0<\/strong> \u00a0<strong>\u06a9\u06cc\u0644\u0648\u06cc\u06cc\u00a0<\/strong>\u0628\u0647 \u0635\u0648\u0631\u062a <strong>\u0641\u0644\u0647<\/strong> \u0622\u0645\u0627\u062f\u0647 \u0627\u0633\u062a\u0641\u0627\u062f\u0647 \u0627\u0633\u062a. <span lang=\"AR-SA\">\u062c\u0632 <span style=\"color: #993366;\"><a style=\"color: #993366;\" href=\"https:\/\/omishad.com\/product-category\/spices\/\"><strong>\u0627\u062f\u0648\u06cc\u0647 \u062c\u0627\u062a<\/strong><\/a><\/span> <strong>\u0645\u0645\u062a\u0627\u0632<\/strong> \u0648 <strong>\u062f\u0631\u062c\u0647 \u06cc\u06a9<\/strong> \u062f\u0631 <strong>\u0628\u0627\u0632\u0627\u0631 \u062a\u0647\u0631\u0627\u0646<\/strong>\u060c <strong>\u062a\u0628\u0631\u06cc\u0632 <\/strong>\u0648\u00a0<strong>\u0627\u06cc\u0631\u0627\u0646<\/strong>\u00a0\u0627\u0633\u062a.<\/span><span dir=\"LTR\">\u00a0<\/span>\u0627\u06cc\u0646 \u0645\u062d\u0635\u0648\u0644 \u0628\u0647 \u0647\u0645\u0631\u0627\u0647 <strong>\u0647\u0633\u062a\u0647<\/strong> \u0647\u0645\u0627\u0646 <strong>\u0633\u0645\u0627\u0642<\/strong> \u0622\u0633\u06cc\u0627\u0628 \u0634\u062f\u0647 \u0648 \u0627\u0632 \u0639\u0637\u0631 \u0648 <strong>\u0637\u0639\u0645 \u062a\u0631\u0634\u06cc \u0628\u0633\u06cc\u0627\u0631<\/strong> \u0628\u0627\u0644\u0627\u06cc\u06cc \u0628\u0631\u062e\u0648\u0631\u062f\u0627\u0631 \u0627\u0633\u062a. <strong>\u0635\u062f\u062f\u0631\u0635\u062f<\/strong> <strong>\u062e\u0627\u0644\u0635<\/strong> \u0627\u0633\u062a. \u067e\u0648\u062f\u0631 \u0633\u0645\u0627\u0642 \u0642\u0631\u0645\u0632\u00a0 \u062c\u0632 <strong>\u0627\u062f\u0648\u06cc\u0647 \u0647\u0627\u06cc<\/strong> \u0645\u0646\u0627\u0633\u0628 \u0628\u0631\u0627\u06cc <strong>\u0631\u0633\u062a\u0648\u0631\u0627\u0646\u200c\u0647\u0627 \u06a9\u062a\u0631\u06cc\u0646\u06af\u200c\u0647\u0627 \u06a9\u0628\u0627\u0628\u06cc\u200c\u0647\u0627<\/strong> \u0648 <strong>\u0639\u0637\u0627\u0631\u06cc\u200c\u0647\u0627<\/strong> \u0648 \u2026 \u0627\u0633\u062a.<\/p>\n<p><strong>\u067e\u0648\u062f\u0631<\/strong> <strong>\u0633\u0645\u0627\u0642<\/strong> <strong>\u0642\u0631\u0645\u0632<\/strong> \u062f\u0627\u0631\u0627\u06cc <strong>\u0637\u0639\u0645\u06cc<\/strong> \u062a\u0631\u0634 \u0648 <strong>\u0645\u0637\u0628\u0648\u0639<\/strong> \u0628\u0648\u062f\u0647 \u0648 <strong>\u062c\u0647\u062a<\/strong> <strong>\u062e\u0648\u0634\u200c\u0637\u0639\u0645<\/strong> \u0646\u0645\u0648\u062f\u0646 \u0627\u063a\u0630\u06cc\u0647 \u0645\u062e\u0635\u0648\u0635\u0627\u064b <strong>\u06a9\u0628\u0627\u0628<\/strong> \u0648 <strong>\u0628\u0631\u0646\u062c<\/strong> \u0648 <strong>\u063a\u0630\u0627\u0647\u0627\u06cc<\/strong> <strong>\u0627\u06cc\u0631\u0627\u0646\u06cc<\/strong> <strong>\u0627\u062f\u0648\u06cc\u0647<\/strong> \u0645\u0646\u0627\u0633\u0628 \u067e\u0631\u0645\u0635\u0631\u0641\u06cc \u0627\u0633\u062a \u06a9\u0647 \u0628\u0647 \u06a9\u0627\u0631 \u0628\u0631\u062f\u0647 \u0645\u06cc\u200c\u0634\u0648\u062f \u0648 \u0628\u0647\u200c\u0648\u0627\u0633\u0637\u0647 <strong>\u062a\u0627\u0646\u0646<\/strong> \u0622\u0646 <strong>\u0642\u0627\u0628\u0636<\/strong> <strong>\u0637\u0628\u0639<\/strong> \u0627\u0633\u062a.<\/p>\n<p>&nbsp;<\/p>\n<figure id=\"attachment_12541\" aria-describedby=\"caption-attachment-12541\" style=\"width: 300px\" class=\"wp-caption aligncenter\"><img decoding=\"async\" class=\"wp-image-12541 size-medium\" src=\"https:\/\/omishad.com\/wp-content\/uploads\/2023\/11\/Dear-Red-Sumac-Wholesale-40-kg-2-300x201.webp\" alt=\"\u06a9\u0627\u0633\u0647 \u0633\u0641\u0627\u0644\u06cc \u067e\u0631 \u0627\u0632 \u0633\u0645\u0627\u0642 \u0639\u0632\u06cc\u0632 \u0642\u0631\u0645\u0632 \u0627\u0639\u0644\u0627 \u0639\u0645\u062f\u0647 \u06f4\u06f0 \u06a9\u06cc\u0644\u0648\u06cc\u06cc \u0627\u0645\u06cc\u0634\u0627\u062f \u0631\u0648\u06cc \u0645\u06cc\u0632 \u0686\u0648\u0628\u06cc \u06a9\u0646\u0627\u0631 \u0638\u0631\u0648\u0641 \u0645\u0633\u06cc \u0628\u0631\u0627\u0642 \u062f\u0631 \u0646\u0648\u0631 \u0622\u0641\u062a\u0627\u0628 \u067e\u0646\u062c\u0631\u0647.\" width=\"300\" height=\"201\" title=\"\" srcset=\"https:\/\/omishad.com\/wp-content\/uploads\/2023\/11\/Dear-Red-Sumac-Wholesale-40-kg-2-300x201.webp 300w, https:\/\/omishad.com\/wp-content\/uploads\/2023\/11\/Dear-Red-Sumac-Wholesale-40-kg-2-1024x686.webp 1024w, https:\/\/omishad.com\/wp-content\/uploads\/2023\/11\/Dear-Red-Sumac-Wholesale-40-kg-2-768x515.webp 768w, https:\/\/omishad.com\/wp-content\/uploads\/2023\/11\/Dear-Red-Sumac-Wholesale-40-kg-2-600x402.webp 600w, https:\/\/omishad.com\/wp-content\/uploads\/2023\/11\/Dear-Red-Sumac-Wholesale-40-kg-2-150x101.webp 150w, https:\/\/omishad.com\/wp-content\/uploads\/2023\/11\/Dear-Red-Sumac-Wholesale-40-kg-2.webp 1200w\" sizes=\"(max-width: 300px) 100vw, 300px\" \/><figcaption id=\"caption-attachment-12541\" class=\"wp-caption-text\">\u0633\u0645\u0627\u0642 \u0639\u0632\u06cc\u0632 \u0642\u0631\u0645\u0632 \u0627\u0639\u0644\u0627 \u0639\u0645\u062f\u0647 \u06f4\u06f0 \u06a9\u06cc\u0644\u0648\u06cc\u06cc \u0627\u0645\u06cc\u0634\u0627\u062f \u062f\u0631 \u0628\u0633\u062a\u0647 \u0639\u0645\u062f\u0647 \u06f4\u06f0 \u06a9\u06cc\u0644\u0648\u06cc\u06cc\u060c \u0646\u0645\u0627\u06cc\u0634 \u0633\u0646\u062a\u06cc \u0627\u06cc\u0631\u0627\u0646\u06cc \u0628\u0627 \u0638\u0631\u0648\u0641 \u0645\u0633\u06cc \u0648 \u0646\u0648\u0631 \u06af\u0631\u0645 \u0637\u0628\u06cc\u0639\u06cc.<\/figcaption><\/figure>\n<h3 style=\"text-align: center;\">\u062e\u0648\u0627\u0635 \u0633\u0645\u0627\u0642 \u0642\u0631\u0645\u0632<\/h3>\n<p><strong>\u062e\u0648\u0627\u0635<\/strong> <strong>\u0633\u0645\u0627\u0642<\/strong> <strong>\u0642\u0631\u0645\u0632<\/strong> \u0628\u0633\u06cc\u0627\u0631 \u0627\u0633\u062a. \u062f\u0631 \u0627\u06cc\u0646\u062c\u0627 \u0628\u0647 \u06af\u0632\u06cc\u062f\u0647\u200c\u0627\u06cc \u0627\u0632 \u062e\u0648\u0627\u0635 <strong>\u0633\u0645\u0627\u0642<\/strong> <strong>\u0642\u0631\u0645\u0632<\/strong> \u0628\u0633\u0646\u062f\u0647 \u0645\u06cc\u200c\u06a9\u0646\u06cc\u0645.<\/p>\n<p>\u0628\u0631\u06af \u06af\u06cc\u0627\u0647<strong> \u0633\u0645\u0627\u0642 \u0642\u0631\u0645\u0632<\/strong> \u0628\u0647\u200c\u0639\u0646\u0648\u0627\u0646 \u062a\u0628\u200c\u0628\u0631 \u0645\u0635\u0631\u0641 \u0645\u06cc\u200c\u0634\u0648\u062f.<\/p>\n<p><strong>\u067e\u0648\u062f\u0631 \u0633\u0645\u0627\u0642 \u0642\u0631\u0645\u0632 \u0627\u0639\u0644\u0627 \u0648 \u0627\u0635\u0644<\/strong> \u00a0\u0637\u0639\u0645 \u062a\u0631\u0634 \u0648 \u0645\u0637\u0644\u0648\u0628\u06cc \u062f\u0627\u0634\u062a\u0647 \u0648 \u063a\u0627\u0644\u0628\u0627\u064b \u0622\u0646 \u0631\u0627 \u062c\u0647\u062a \u062e\u0648\u0634\u200c\u0637\u0639\u0645 \u06a9\u0631\u062f\u0646 \u063a\u0630\u0627\u0647\u0627 \u0627\u0633\u062a\u0641\u0627\u062f\u0647 \u0645\u06cc\u200c\u06a9\u0646\u0646\u062f.<\/p>\n<p>\u0642\u0631\u0642\u0631\u0647 \u062c\u0648\u0634\u0627\u0646\u062f\u0647 \u0622\u0646 \u062a\u0631\u0634 \u0648 \u0642\u0627\u0628\u0636 \u0628\u0631\u0627\u06cc \u0633\u0641\u062a \u06a9\u0631\u062f\u0646 \u0644\u062b\u0647 \u0648 <strong>\u0644\u0648\u0632\u062a\u06cc\u0646<\/strong> \u0648 <strong>\u0633\u06cc\u0644\u0627\u0646<\/strong> \u0628\u0632\u0627\u0642 \u0628\u06a9\u0627\u0631 \u0645\u06cc\u200c\u0631\u0648\u062f.<\/p>\n<p><span style=\"color: #333399;\"><a style=\"color: #333399;\" href=\"https:\/\/omishad.com\/product\/%d8%b3%d9%85%d8%a7%d9%82-%d9%82%d8%b1%d9%85%d8%b2-%d8%a7%d8%b9%d9%84%d8%a7-%d8%a8%d8%b3%d8%aa%d9%87-25-%da%a9%db%8c%d9%84%d9%88%db%8c%db%8c\/\"><strong>\u0633\u0645\u0627\u0642<\/strong> <strong>\u0642\u0631\u0645\u0632<\/strong><\/a><\/span> \u06cc\u06a9\u06cc \u0627\u0632 \u0645\u0646\u0627\u0628\u0639 \u0648 \u0645\u062e\u0627\u0632\u0646 \u0645\u0647\u0645 <strong>\u0648\u06cc\u062a\u0627\u0645\u06cc\u0646<\/strong> <strong>C \u00a0<\/strong>\u0627\u0633\u062a \u06a9\u0647 \u062f\u0627\u0631\u0627\u06cc \u0637\u0639\u0645 \u062a\u0631\u0634\u06cc \u0628\u0648\u062f\u0647 \u0648 \u0648\u06cc\u062a\u0627\u0645\u06cc\u0646 \u062e\u0648\u062f \u0631\u0627 \u062d\u0641\u0638 \u0645\u06cc\u200c\u0646\u0645\u0627\u06cc\u062f \u0648 \u062f\u0627\u0631\u0627\u06cc \u06a9\u0644\u06cc\u0647 \u062e\u0648\u0627\u0635 \u0648\u06cc\u062a\u0627\u0645\u06cc\u0646 C \u00a0\u0627\u0633\u062a. <strong>\u0633\u0645\u0627\u0642 \u0642\u0631\u0645\u0632<\/strong> \u062e\u0648\u0646 \u0631\u0627 \u0642\u0644\u06cc\u0627\u06cc\u06cc \u0645\u06cc\u200c\u06a9\u0646\u062f\u00a0 \u0648 \u0633\u0645\u0648\u0645 \u0628\u062f\u0646 \u0631\u0627 \u062e\u0627\u0631\u062c \u0645\u06cc\u200c\u0633\u0627\u0632\u062f. \u0627\u0632 <strong>\u0646\u0638\u0631 \u0637\u0628 \u0633\u0646\u062a\u06cc<\/strong> \u0648 \u0642\u062f\u06cc\u0645 <strong>\u0637\u0628\u0639 \u0633\u0645\u0627\u0642 \u0642\u0631\u0645\u0632 \u0633\u0631\u062f \u0648 \u062e\u0634\u06a9<\/strong> \u0627\u0633\u062a.<\/p>\n<p><strong>\u0633\u0645\u0627\u0642<\/strong> <strong>\u0642\u0631\u0645\u0632<\/strong> \u0648 <strong>\u0633\u0645\u0627\u0642<\/strong> <strong>\u0642\u0647\u0648\u0647\u200c\u0627\u06cc<\/strong> <strong>\u062a\u0641\u0627\u0648\u062a<\/strong> \u0622\u0646 \u062f\u0631 \u06cc\u06a9\u200c\u06a9\u0644\u0627\u0645 \u0627\u0633\u062a. \u062f\u0631\u062d\u0627\u0644\u06cc\u200c\u06a9\u0647 \u062f\u0631 \u062c\u0648\u0647\u0631\u060c \u062a\u0641\u0627\u0648\u062a <strong>\u0633\u0645\u0627\u0642<\/strong> <strong>\u0642\u0631\u0645\u0632<\/strong> \u0648 <strong>\u0642\u0647\u0648\u0647\u200c\u0627\u06cc<\/strong> \u0686\u0647 \u062f\u0631<strong> \u0642\u06cc\u0645\u062a<\/strong> \u0648 <strong>\u062e\u0631\u06cc\u062f<\/strong> \u0648 \u0686\u0647 \u062f\u0631 \u06a9\u06cc\u0641\u06cc\u062a \u0648 \u0637\u0639\u0645 \u0648 \u0637\u0628\u0639 \u0645\u0634\u0647\u0648\u062f \u0627\u0633\u062a. \u0627\u06cc\u0646 \u062a\u0641\u0627\u0648\u062a \u0631\u0627 \u062f\u0631 <strong><span style=\"color: #800080;\"><a style=\"color: #800080;\" href=\"https:\/\/omishad.com\/blog\/the-difference-between-red-and-brown-sumac\/\">\u0645\u0642\u0627\u0644\u0647\u200c\u0627\u06cc<\/a><\/span><\/strong> \u062c\u062f\u0627 \u062a\u0648\u0636\u06cc\u062d \u062e\u0648\u0627\u0647\u06cc\u0645 \u062f\u0627\u062f.<\/p>\n<figure id=\"attachment_12533\" aria-describedby=\"caption-attachment-12533\" style=\"width: 300px\" class=\"wp-caption aligncenter\"><img decoding=\"async\" class=\"wp-image-12533 size-medium\" src=\"https:\/\/omishad.com\/wp-content\/uploads\/2023\/11\/Dear-Red-Sumac-Wholesale-40k1-1-300x201.webp\" alt=\"\u06a9\u0627\u0633\u0647 \u0686\u0648\u0628\u06cc \u067e\u0631 \u0627\u0632 \u0633\u0645\u0627\u0642 \u0639\u0632\u06cc\u0632 \u0642\u0631\u0645\u0632 \u0627\u0639\u0644\u0627 \u0639\u0645\u062f\u0647 \u06f4\u06f0 \u06a9\u06cc\u0644\u0648\u06cc\u06cc \u0627\u0645\u06cc\u0634\u0627\u062f \u0631\u0648\u06cc \u0633\u06cc\u0646\u06cc \u0686\u0648\u0628\u06cc \u0647\u0645\u0631\u0627\u0647 \u0628\u0627 \u06af\u0631\u062f\u0648 \u0648 \u062f\u0627\u0646\u0647\u200c\u0647\u0627\u06cc \u0632\u0631\u0634\u06a9 \u062f\u0631 \u0646\u0648\u0631 \u0637\u0628\u06cc\u0639\u06cc \u06af\u0631\u0645.\" width=\"300\" height=\"201\" title=\"\" srcset=\"https:\/\/omishad.com\/wp-content\/uploads\/2023\/11\/Dear-Red-Sumac-Wholesale-40k1-1-300x201.webp 300w, https:\/\/omishad.com\/wp-content\/uploads\/2023\/11\/Dear-Red-Sumac-Wholesale-40k1-1-1024x686.webp 1024w, https:\/\/omishad.com\/wp-content\/uploads\/2023\/11\/Dear-Red-Sumac-Wholesale-40k1-1-768x515.webp 768w, https:\/\/omishad.com\/wp-content\/uploads\/2023\/11\/Dear-Red-Sumac-Wholesale-40k1-1-600x402.webp 600w, https:\/\/omishad.com\/wp-content\/uploads\/2023\/11\/Dear-Red-Sumac-Wholesale-40k1-1-150x101.webp 150w, https:\/\/omishad.com\/wp-content\/uploads\/2023\/11\/Dear-Red-Sumac-Wholesale-40k1-1.webp 1200w\" sizes=\"(max-width: 300px) 100vw, 300px\" \/><figcaption id=\"caption-attachment-12533\" class=\"wp-caption-text\">\u0633\u0645\u0627\u0642 \u0639\u0632\u06cc\u0632 \u0642\u0631\u0645\u0632 \u0627\u0639\u0644\u0627 \u0639\u0645\u062f\u0647 \u06f4\u06f0 \u06a9\u06cc\u0644\u0648\u06cc\u06cc \u0627\u0645\u06cc\u0634\u0627\u062f \u062f\u0631 \u0628\u0633\u062a\u0647 \u0639\u0645\u062f\u0647 \u06f4\u06f0 \u06a9\u06cc\u0644\u0648\u06cc\u06cc\u060c \u0628\u0627 \u062a\u0631\u06a9\u06cc\u0628 \u0633\u0646\u062a\u06cc \u0627\u06cc\u0631\u0627\u0646\u06cc \u0634\u0627\u0645\u0644 \u06af\u0631\u062f\u0648\u060c \u0632\u0631\u0634\u06a9 \u0648 \u0638\u0631\u0641 \u0686\u0648\u0628\u06cc \u062a\u0632\u0626\u06cc\u0646\u06cc.<\/figcaption><\/figure>\n<h3 style=\"text-align: center;\">\u0645\u0639\u0631\u0641\u06cc \u062e\u0635\u0648\u0635\u06cc\u0627\u062a \u0633\u0645\u0627\u0642 \u0639\u0632\u06cc\u0632 \u0642\u0631\u0645\u0632 \u0627\u0639\u0644\u0627 \u0639\u0645\u062f\u0647 \u06f4\u06f0 \u06a9\u06cc\u0644\u0648\u06cc\u06cc<\/h3>\n<div id=\"rank-math-rich-snippet-wrapper\">\t\t<h5 class=\"rank-math-title\">\u0633\u0645\u0627\u0642 \u0642\u0631\u0645\u0632<\/h5>\n\t\t\t\t<div class=\"rank-math-review-image\">\n\t\t\t<img decoding=\"async\" src=\"https:\/\/omishad.com\/wp-content\/uploads\/2023\/11\/Dear-Red-Sumac-Wholesale-40-kg-1-300x300.webp\" alt=\"\" title=\"\">\n\t\t<\/div>\n\t\t<div class=\"rank-math-review-data\">\n\n\t\t\t<p>\u0633\u0645\u0627\u0642 \u0642\u0631\u0645\u0632 \u0639\u0632\u06cc\u0632 \u06cc\u06a9\u06cc \u0627\u0632 \u0628\u0631\u0646\u062f\u0647\u0627\u06cc \u0642\u062f\u06cc\u0645\u06cc \u0648 \u0634\u0646\u0627\u062e\u062a\u0647 \u0634\u062f\u0647 \u062f\u0631 \u0627\u0633\u062a \u06a9\u0647 \u06a9\u06cc\u0641\u06cc\u062a \u0648 \u0645\u0637\u0644\u0648\u0628\u06cc\u062a \u0627\u06cc\u0646 \u0633\u0645\u0627\u0642 \u0628\u0631\u0627\u06cc \u0645\u0635\u0631\u0641 \u06a9\u0646\u0646\u062f\u0647 \u06af\u0627\u0646 \u0627\u062b\u0628\u0627\u062a \u0634\u062f\u0647 \u0627\u0633\u062a. \u0633\u0645\u0627\u0642 \u0642\u0631\u0645\u0632 \u0639\u0632\u06cc\u0632 \u0628\u0647 \u0635\u0648\u0631\u062a \u0639\u0645\u062f\u0647 \u0648 \u0641\u0644\u0647 \u062f\u0631 \u06a9\u0633\u06cc\u0647 \u0647\u0627\u06cc 40 \u06a9\u06cc\u0644\u0648\u06cc\u06cc \u0628\u0633\u062a\u0647 \u0628\u0646\u062f\u06cc \u0634\u062f\u0647 \u0648 \u0642\u0627\u0628\u0644 \u0627\u0631\u0626\u0647 \u0648 \u0645\u0635\u0631\u0641 \u0627\u0633\u062a.<\/p>\n\t\t\n\t\t\t<p>\n\t\t\t<strong>Product SKU: <\/strong>\n\t\t\t101010305\t\t<\/p>\n\t\t\n\t\t\t<p>\n\t\t\t<strong>Product Brand: <\/strong>\n\t\t\t\u0639\u0632\u06cc\u0632 \u062a\u0628\u0631\u06cc\u0632\t\t<\/p>\n\t\t\n\t\n\t\t\t\t<p>\n\t\t\t<strong>Product Currency: <\/strong>\n\t\t\tIRR\t\t<\/p>\n\t\t\n\t\t\t\t<p>\n\t\t\t<strong>Product Price: <\/strong>\n\t\t\t2560000\t\t<\/p>\n\t\t\n\t\t\t\t<p>\n\t\t\t<strong>Price Valid Until: <\/strong>\n\t\t\t2025-08-31\t\t<\/p>\n\t\t\n\t\t\t\t<p>\n\t\t\t<strong>Product In-Stock: <\/strong>\n\t\t\tInStock\t\t<\/p>\n\t\t\n\t\n\t\t\t<div class=\"rank-math-total-wrapper\">\n\n\t\t\t<strong>Edit\u00f6r\u00fcn de\u011ferlendirmesi:<\/strong><br \/>\n\n\t\t\t<span class=\"rank-math-total\">3.9<\/span>\n\n\t\t\t<div class=\"rank-math-review-star\">\n\n\t\t\t\t<div class=\"rank-math-review-result-wrapper\">\n\n\t\t\t\t\t<i class=\"rank-math-star\"><\/i><i class=\"rank-math-star\"><\/i><i class=\"rank-math-star\"><\/i><i class=\"rank-math-star\"><\/i>\n\t\t\t\t\t<div class=\"rank-math-review-result\" style=\"width:97.5%;\">\n\t\t\t\t\t\t<i class=\"rank-math-star\"><\/i><i class=\"rank-math-star\"><\/i><i class=\"rank-math-star\"><\/i><i class=\"rank-math-star\"><\/i>\t\t\t\t\t<\/div>\n\n\t\t\t\t<\/div>\n\n\t\t\t<\/div>\n\n\t\t<\/div>\n\t\t\n<\/div>\n<\/div>\n<h3 style=\"text-align: center;\">\u00a0\u0639\u0645\u062f\u0647 \u0633\u0648\u0627\u0644\u0627\u062a \u0645\u062a\u062f\u0627\u0648\u0644 \u062f\u0631 \u062e\u0635\u0648\u0635 \u0633\u0645\u0627\u0642 \u0642\u0631\u0645\u0632 \u0639\u0645\u062f\u0647<\/h3>\n<div id=\"rank-math-rich-snippet-wrapper\"><div id=\"rank-math-faq\" class=\"rank-math-block\">\n<div class=\"rank-math-list \">\n<div id=\"faq-1\" class=\"rank-math-list-item\">\n<h3 class=\"rank-math-question \">\u0633\u0645\u0627\u0642 \u0642\u0631\u0645\u0632 \u0639\u0645\u062f\u0647 \u0627\u0632 \u06a9\u062c\u0627 \u0628\u062e\u0631\u06cc\u0645\u061f<\/h3>\n<div class=\"rank-math-answer \">\n\n<p>\u0628\u0631\u0627\u06cc \u062a\u0647\u06cc\u0647 \u0633\u0645\u0627\u0642 \u0642\u0631\u0645\u0632 \u0639\u0645\u062f\u0647 \u0645\u06cc \u062a\u0648\u0627\u0646\u06cc\u062f \u0628\u0647 \u0639\u0645\u062f\u0647 \u0641\u0631\u0648\u0634\u06cc \u0647\u0627\u06cc \u062a\u0628\u0631\u06cc\u0632 \u06cc\u0627 \u062a\u0647\u0631\u0627\u0646 \u0645\u0631\u0627\u062c\u0639\u0647 \u0646\u0645\u0627\u06cc\u06cc\u062f \u0648 \u06cc\u0627 \u0627\u0632 \u0641\u0631\u0648\u0634\u06af\u0627\u0647 \u0647\u0627\u06cc \u0639\u0645\u062f\u0647 \u0641\u0631\u0648\u0634\u06cc \u0648 \u0628\u0646\u06a9\u062f\u0627\u0631\u06cc \u0622\u0646\u0644\u0627\u06cc\u0646 \u062a\u0647\u06cc\u0647 \u0646\u0645\u0627\u06cc\u062f. <\/p>\n\n<\/div>\n<\/div>\n<div id=\"faq-2\" class=\"rank-math-list-item\">\n<h3 class=\"rank-math-question \">\u0642\u06cc\u0645\u062a \u0633\u0645\u0627\u0642 \u0641\u0644\u0647 \u0686\u0646\u062f \u0627\u0633\u062a\u061f<\/h3>\n<div class=\"rank-math-answer \">\n\n<p>\u0642\u06cc\u0645\u062a \u0633\u0645\u0627\u0642 \u0641\u0644\u0647 \u0628\u0647 \u06a9\u06cc\u0641\u06cc\u062a \u0648 \u0645\u062d\u0644 \u062a\u062d\u0648\u06cc\u0644 \u0648 \u062a\u0639\u062f\u0627\u062f \u0648\u0627\u0633\u0637\u0647 \u0647\u0627\u06cc \u0622\u0646 \u062a\u0627 \u0645\u0635\u0631\u0641 \u06a9\u0646\u0646\u062f\u0647 \u0646\u0647\u0627\u06cc\u06cc \u0645\u062a\u0641\u0627\u0648\u062a \u0627\u0633\u062a. \u0628\u0627\u0632\u0631\u06af\u0627\u0646\u06cc \u0622\u0646\u0644\u0627\u06cc\u0646 \u0627\u0645\u06cc\u0634\u0627\u062f \u0628\u06cc \u0648\u0627\u0633\u0637\u0647 \u0633\u0645\u0627\u0642 \u0631\u0627 \u0627\u0631\u0627\u0626\u0647 \u0645\u06cc\u200c\u06a9\u0646\u062f.<\/p>\n\n<\/div>\n<\/div>\n<div id=\"faq-3\" class=\"rank-math-list-item\">\n<h3 class=\"rank-math-question \">\u0633\u0645\u0627\u0642 \u0642\u0631\u0645\u0632 \u062e\u0648\u0628 \u0627\u0632 \u06a9\u062c\u0627 \u0628\u062e\u0631\u06cc\u0645\u061f<\/h3>\n<div class=\"rank-math-answer \">\n\n<p>\u0641\u0631\u0648\u0634\u06af\u0627\u0647 \u0627\u06cc\u0646\u062a\u0631\u0646\u062a\u06cc \u0627\u0645\u06cc\u0634\u0627\u062f \u0628\u0647\u062a\u0631\u06cc\u0646 \u0646\u0648\u0639 \u0633\u0645\u0627\u0642 \u0627\u0635\u0644 \u0648 \u0627\u0639\u0644\u0627 \u0631\u0627 \u062f\u0631 \u0628\u0627\u0632\u0627\u0631 \u0627\u0631\u0627\u0626\u0647 \u0645\u06cc \u0646\u0645\u0627\u06cc\u062f. <\/p>\n\n<\/div>\n<\/div>\n<\/div>\n<\/div><\/div>\n<p>\u062c\u0647\u062a \u06a9\u0633\u0628 \u0627\u0637\u0644\u0627\u0639 \u0628\u06cc\u0634\u062a\u0631 \u0628\u0647 \u0628\u062e\u0634 <span style=\"color: #333399;\"><a style=\"color: #333399;\" href=\"https:\/\/omishad.com\/blog\/%d9%86%db%8c%d9%85-%d9%86%da%af%d8%a7%d9%87%db%8c-%d8%a8%d9%87-%d8%b3%d9%85%d8%a7%d9%82-%d9%82%d8%b1%d9%85%d8%b2\/\"><strong>\u0645\u0642\u0627\u0644\u0627\u062a<\/strong><\/a><\/span> \u06cc\u0627 \u0622\u062f\u0631\u0633 <a href=\"https:\/\/omishad.com\/blog\/news-of-spices-in-the-second-month-of-1403\/\"><strong><span style=\"color: #333399;\">red sumac<\/span><\/strong><\/a> \u0631\u062c\u0648\u0639 \u06a9\u0646\u06cc\u062f.<\/p>\n","protected":false},"excerpt":{"rendered":"<h2>\u067e\u0648\u062f\u0631 \u0633\u0645\u0627\u0642 \u0642\u0631\u0645\u0632 \u0639\u0632\u06cc\u0632 \u0627\u0639\u0644\u0627 \u0639\u0645\u062f\u0647\u06f4\u06f0 \u06a9\u06cc\u0644\u0648\u06cc\u06cc<\/h2>\n<ul>\n<li><strong>\u062a\u0639\u062f\u0627\u062f: \u06cc\u06a9 \u06a9\u06cc\u0633\u0647<\/strong><\/li>\n<li><strong>\u0648\u0632\u0646: \u06f4\u06f0 \u06a9\u06cc\u0644\u0648<\/strong><\/li>\n<li><strong>\u0642\u06cc\u0645\u062a \u0647\u0631 \u06a9\u06cc\u0644\u0648 256000 \u062a\u0648\u0645\u0627\u0646<\/strong><\/li>\n<li><strong>\u062a\u0648\u0644\u06cc\u062f: \u0627\u06cc\u0631\u0627\u0646 \u062a\u0628\u0631\u06cc\u0632<\/strong><\/li>\n<li><strong>\u0632\u0645\u0627\u0646 \u062a\u0648\u0644\u06cc\u062f: \u0627\u0645\u0633\u0627\u0644\u0647<\/strong><\/li>\n<li><strong>\u0635\u062f \u062f\u0631 \u0635\u062f \u062e\u0627\u0644\u0635<\/strong><\/li>\n<\/ul>\n","protected":false},"featured_media":12427,"comment_status":"open","ping_status":"closed","template":"","meta":[],"product_brand":[],"product_cat":[502],"product_tag":[638],"class_list":{"0":"post-4393","1":"product","2":"type-product","3":"status-publish","4":"has-post-thumbnail","6":"product_cat-spices","7":"product_tag-major","9":"first","10":"instock","11":"shipping-taxable","12":"product-type-simple"},"_links":{"self":[{"href":"https:\/\/omishad.com\/tr\/wp-json\/wp\/v2\/product\/4393","targetHints":{"allow":["GET"]}}],"collection":[{"href":"https:\/\/omishad.com\/tr\/wp-json\/wp\/v2\/product"}],"about":[{"href":"https:\/\/omishad.com\/tr\/wp-json\/wp\/v2\/types\/product"}],"replies":[{"embeddable":true,"href":"https:\/\/omishad.com\/tr\/wp-json\/wp\/v2\/comments?post=4393"}],"wp:featuredmedia":[{"embeddable":true,"href":"https:\/\/omishad.com\/tr\/wp-json\/wp\/v2\/media\/12427"}],"wp:attachment":[{"href":"https:\/\/omishad.com\/tr\/wp-json\/wp\/v2\/media?parent=4393"}],"wp:term":[{"taxonomy":"product_brand","embeddable":true,"href":"https:\/\/omishad.com\/tr\/wp-json\/wp\/v2\/product_brand?post=4393"},{"taxonomy":"product_cat","embeddable":true,"href":"https:\/\/omishad.com\/tr\/wp-json\/wp\/v2\/product_cat?post=4393"},{"taxonomy":"product_tag","embeddable":true,"href":"https:\/\/omishad.com\/tr\/wp-json\/wp\/v2\/product_tag?post=4393"}],"curies":[{"name":"wp","href":"https:\/\/api.w.org\/{rel}","templated":true}]}}