{"id":3474,"date":"2023-08-13T19:46:36","date_gmt":"2023-08-13T16:16:36","guid":{"rendered":"https:\/\/omishad.com\/?post_type=product&#038;p=3474"},"modified":"2026-02-25T02:37:01","modified_gmt":"2026-02-24T23:07:01","slug":"%d9%86%d9%85%da%a9-%d8%aa%d8%b5%d9%81%db%8c%d9%87-%d8%b4%d8%af%d9%87-%db%8c%d8%af%d8%af%d8%a7%d8%b1-%db%b2%db%b0-%da%a9%db%8c%d9%84%d9%88%db%8c%db%8c-%d8%b7%d9%84%d9%88%d8%b9-%d8%b9%d9%85%d8%af%d9%87","status":"publish","type":"product","link":"https:\/\/omishad.com\/tr\/urun\/%d9%86%d9%85%da%a9-%d8%aa%d8%b5%d9%81%db%8c%d9%87-%d8%b4%d8%af%d9%87-%db%8c%d8%af%d8%af%d8%a7%d8%b1-%db%b2%db%b0-%da%a9%db%8c%d9%84%d9%88%db%8c%db%8c-%d8%b7%d9%84%d9%88%d8%b9-%d8%b9%d9%85%d8%af%d9%87\/","title":{"rendered":"\u0646\u0645\u06a9 \u062a\u0635\u0641\u06cc\u0647 \u0634\u062f\u0647 \u06cc\u062f\u062f\u0627\u0631 \u06f2\u06f0 \u06a9\u06cc\u0644\u0648\u06cc\u06cc \u0637\u0644\u0648\u0639 \u0639\u0645\u062f\u0647"},"content":{"rendered":"<h2 style=\"text-align: center;\">\u062e\u0631\u06cc\u062f \u0639\u0645\u062f\u0647 \u0646\u0645\u06a9 \u06cc\u062f\u062f\u0627\u0631 \u06f2\u06f0 \u06a9\u06cc\u0644\u0648\u06cc\u06cc\u061b \u0627\u0646\u062a\u062e\u0627\u0628 \u0627\u0648\u0644 \u0635\u0646\u0627\u06cc\u0639 \u063a\u0630\u0627\u06cc\u06cc<\/h2>\n<p>\u0627\u06af\u0631 \u0645\u062f\u06cc\u0631\u06cc\u062a \u06cc\u06a9 \u0631\u0633\u062a\u0648\u0631\u0627\u0646\u060c \u06a9\u062a\u0631\u06cc\u0646\u06af \u06cc\u0627 \u06a9\u0627\u0631\u06af\u0627\u0647 \u062a\u0648\u0644\u06cc\u062f \u0645\u0648\u0627\u062f \u063a\u0630\u0627\u06cc\u06cc \u0631\u0627 \u0628\u0631 \u0639\u0647\u062f\u0647 \u062f\u0627\u0631\u06cc\u062f\u060c \u062a\u0627\u0645\u06cc\u0646 \u0645\u0648\u0627\u062f \u0627\u0648\u0644\u06cc\u0647 \u0628\u0627\u06a9\u06cc\u0641\u06cc\u062a \u0648 \u0642\u06cc\u0645\u062a \u0645\u0646\u0627\u0633\u0628\u060c \u062f\u063a\u062f\u063a\u0647 \u0647\u0645\u06cc\u0634\u06af\u06cc \u0634\u0645\u0627\u0633\u062a. \u062e\u0631\u06cc\u062f \u0639\u0645\u062f\u0647 \u0646\u0645\u06a9 \u06cc\u062f\u062f\u0627\u0631\u060c \u06cc\u06a9 \u0633\u0631\u0645\u0627\u06cc\u0647\u200c\u06af\u0630\u0627\u0631\u06cc \u0645\u0637\u0645\u0626\u0646 \u0628\u0631\u0627\u06cc \u06a9\u0633\u0628\u200c\u0648\u06a9\u0627\u0631 \u0634\u0645\u0627\u0633\u062a. \u0641\u0631\u0648\u0634 \u0639\u0645\u062f\u0647 \u0646\u0645\u06a9 \u062a\u0635\u0641\u06cc\u0647 \u0634\u062f\u0647 \u062f\u0631 \u06a9\u06cc\u0633\u0647\u200c\u0647\u0627\u06cc \u0645\u0642\u0631\u0648\u0646\u200c\u0628\u0647\u200c\u0635\u0631\u0641\u0647 \u06f2\u06f0 \u06a9\u06cc\u0644\u0648\u06af\u0631\u0645\u06cc\u060c \u0628\u0647 \u0634\u0645\u0627 \u0627\u06cc\u0646 \u0627\u0645\u06a9\u0627\u0646 \u0631\u0627 \u0645\u06cc\u200c\u062f\u0647\u062f \u062a\u0627 \u0646\u06cc\u0627\u0632 \u0645\u0627\u0647\u0627\u0646\u0647 \u0645\u062c\u0645\u0648\u0639\u0647 \u062e\u0648\u062f \u0631\u0627 \u0628\u0627 \u06a9\u0645\u062a\u0631\u06cc\u0646 \u062f\u063a\u062f\u063a\u0647 \u0628\u0631\u0637\u0631\u0641 \u06a9\u0646\u06cc\u062f. \u0628\u0627 \u062e\u0631\u06cc\u062f \u0646\u0645\u06a9 \u0641\u0644\u0647 \u062a\u0635\u0641\u06cc\u0647 \u0634\u062f\u0647 \u0627\u0632 \u0645\u062c\u0645\u0648\u0639\u0647 \u0627\u0645\u06cc\u0634\u0627\u062f\u060c \u062e\u0644\u0648\u0635 \u0648 \u0628\u0647\u062f\u0627\u0634\u062a \u0631\u0627 \u0628\u0647 \u0645\u062d\u0635\u0648\u0644\u0627\u062a \u062e\u0648\u062f \u0647\u062f\u06cc\u0647 \u062f\u0647\u06cc\u062f. <strong>\u0646\u0645\u06a9 \u062a\u0635\u0641\u06cc\u0647 \u0634\u062f\u0647 \u06cc\u062f\u062f\u0627\u0631 \u06f2\u06f0 \u06a9\u06cc\u0644\u0648\u06cc\u06cc \u0637\u0644\u0648\u0639 <a href=\"https:\/\/omishad.com\/product-tag\/major\/\"><span style=\"color: #800080;\">\u0639\u0645\u062f\u0647<\/span><\/a><\/strong> \u062f\u0631\u0628\u0633\u062a\u0647 <strong>20<\/strong>\u00a0<strong>\u06a9\u06cc\u0644\u0648\u06cc\u06cc<\/strong> \u0622\u0645\u0627\u062f\u0647 \u0627\u0633\u062a\u0641\u0627\u062f\u0647 \u0627\u0633\u062a.<strong>\u00a0\u0646\u0645\u06a9 \u062a\u0635\u0641\u06cc\u0647 \u0634\u062f\u0647 \u06cc\u062f\u062f\u0627\u0631 \u06f2\u06f0 \u06a9\u06cc\u0644\u0648\u06cc\u06cc \u0637\u0644\u0648\u0639 <span style=\"color: #800080;\">\u0639\u0645\u062f\u0647<\/span><\/strong>\u00a0\u062c\u0632\u00a0<span style=\"color: #800080;\"><a style=\"color: #800080;\" href=\"https:\/\/omishad.com\/product-category\/spices\/\"><strong>\u0627\u062f\u0648\u06cc\u0647 \u062c\u0627\u062a<\/strong><\/a><\/span> \u0645\u0645\u062a\u0627\u0632 \u0648 \u062f\u0631\u062c\u0647 \u06cc\u06a9 \u062f\u0631 \u0628\u0627\u0632\u0627\u0631 \u062a\u0647\u0631\u0627\u0646 \u0648 \u0627\u06cc\u0631\u0627\u0646 \u0627\u0633\u062a. \u0645\u0646\u0627\u0633\u0628 \u0628\u0631\u0627\u06cc\u00a0 <strong>\u0635\u0627\u0631\u062f\u0627\u062a<\/strong> \u0648 \u0645\u0635\u0631\u0641 \u062f\u0627\u062e\u0644\u06cc \u0628\u0631\u0627\u06cc <strong>\u0631\u0633\u062a\u0648\u0631\u0627\u0646\u200c\u0647\u0627<\/strong>\u060c \u0648\u00a0<strong>\u06a9\u062a\u0631\u06cc\u0646\u06af\u200c\u0647\u0627<\/strong>\u00a0\u0648\u00a0<strong>\u0639\u0637\u0627\u0631\u06cc\u200c\u0647\u0627<\/strong>\u00a0\u0627\u0633\u062a.<\/p>\n<p>&nbsp;<\/p>\n<h2>\u0648\u06cc\u0698\u06af\u06cc\u200c\u0647\u0627\u06cc \u06a9\u06cc\u0641\u06cc \u0646\u0645\u06a9 \u06f2\u06f0 \u06a9\u06cc\u0644\u0648\u06cc\u06cc \u06cc\u062f\u062f\u0627\u0631<\/h2>\n<p>\u0686\u06cc\u0632\u06cc \u06a9\u0647 \u0627\u06cc\u0646 \u0645\u062d\u0635\u0648\u0644 \u0631\u0627 \u0645\u062a\u0645\u0627\u06cc\u0632 \u0645\u06cc\u200c\u06a9\u0646\u062f\u060c \u0631\u0648\u0634 \u062a\u0648\u0644\u06cc\u062f \u0622\u0646 \u0627\u0633\u062a. \u0627\u06cc\u0646 \u0645\u062d\u0635\u0648\u0644\u060c \u0646\u0645\u06a9 \u062a\u0628\u0644\u0648\u0631 \u0645\u062c\u062f\u062f \u06f2\u06f0 \u06a9\u06cc\u0644\u0648\u06cc\u06cc \u0627\u0633\u062a\u061b \u0628\u0647 \u0627\u06cc\u0646 \u0645\u0639\u0646\u06cc \u06a9\u0647 \u062a\u0645\u0627\u0645 \u0646\u0627\u062e\u0627\u0644\u0635\u06cc\u200c\u0647\u0627\u06cc \u0622\u0646 \u062f\u0631 \u0641\u0631\u0622\u06cc\u0646\u062f \u062a\u0635\u0641\u06cc\u0647 \u067e\u06cc\u0634\u0631\u0641\u062a\u0647 \u06af\u0631\u0641\u062a\u0647 \u0634\u062f\u0647 \u0648 \u0628\u0647 \u062e\u0644\u0648\u0635 \u0628\u0627\u0644\u0627\u06cc \u06f9\u06f9 \u062f\u0631\u0635\u062f \u0631\u0633\u06cc\u062f\u0647 \u0627\u0633\u062a.<\/p>\n<p>&nbsp;<\/p>\n<p>\u0648\u0642\u062a\u06cc \u0642\u0635\u062f \u062e\u0631\u06cc\u062f \u0646\u0645\u06a9 \u06a9\u06cc\u0633\u0647 \u0627\u06cc \u0639\u0645\u062f\u0647 \u0631\u0627 \u062f\u0627\u0631\u06cc\u062f\u060c \u06a9\u06cc\u0641\u06cc\u062a \u0628\u0633\u062a\u0647\u200c\u0628\u0646\u062f\u06cc \u0628\u0633\u06cc\u0627\u0631 \u0645\u0647\u0645 \u0627\u0633\u062a. \u0628\u0633\u062a\u0647\u200c\u0628\u0646\u062f\u06cc \u0627\u06cc\u0646 \u0646\u0645\u06a9 \u06cc\u062f\u062f\u0627\u0631 \u06a9\u06cc\u0633\u0647 \u0627\u06cc \u0628\u0647 \u06af\u0648\u0646\u0647\u200c\u0627\u06cc \u0637\u0631\u0627\u062d\u06cc \u0634\u062f\u0647 \u06a9\u0647 \u062f\u0631 \u0628\u0631\u0627\u0628\u0631 \u0631\u0637\u0648\u0628\u062a \u0627\u0646\u0628\u0627\u0631 \u0645\u0642\u0627\u0648\u0645\u062a \u0628\u0627\u0644\u0627\u06cc\u06cc \u062f\u0627\u0631\u062f \u0648 \u06a9\u0644\u0648\u062e\u0647 \u0646\u0645\u06cc\u200c\u0634\u0648\u062f.<\/p>\n<h3 class=\"wp-block-heading\">\u0686\u0647 \u0646\u0645\u06a9\u06cc \u062e\u0648\u0628 \u0627\u0633\u062a\u061f<\/h3>\n<p>\u0646\u0645\u06a9\u200c\u0647\u0627\u06cc\u06cc \u06a9\u0647 \u062f\u0631 \u062a\u0647\u06cc\u0647 \u063a\u0630\u0627\u0647\u0627 \u0648 \u062f\u0631 \u062a\u0645\u0627\u0645\u06cc \u0635\u0646\u0639\u062a \u063a\u0630\u0627\u06cc\u06cc \u0627\u0633\u062a\u0641\u0627\u062f\u0647 \u0645\u06cc\u200c\u0634\u0648\u062f \u0648 \u062c\u0632\u0648 \u062a\u0631\u06a9\u06cc\u0628\u0627\u062a \u0627\u0635\u0644\u06cc \u0628\u0633\u06cc\u0627\u0631\u06cc \u0627\u0632 \u062f\u0633\u062a\u0648\u0631\u0627\u062a \u0622\u0634\u067e\u0632\u06cc \u0642\u0631\u0627\u0631 \u0645\u06cc\u200c\u06af\u06cc\u0631\u062f. \u0627\u0645\u0627 \u0639\u0644\u0627\u0648\u0647\u200c\u0628\u0631\u0622\u0646\u060c <strong>\u0646\u0645\u06a9<\/strong> \u0646\u06cc\u0632 \u062a\u0623\u062b\u06cc\u0631\u06cc \u0628\u0631 \u0633\u0644\u0627\u0645\u062a\u06cc \u0645\u0627 \u062f\u0627\u0631\u062f \u0648 \u0628\u0627\u06cc\u062f \u0628\u062a\u0648\u0627\u0646\u06cc\u0645 \u0628\u0647 \u0645\u06cc\u0632\u0627\u0646 \u0645\u0635\u0631\u0641 \u0622\u0646 \u062a\u0648\u062c\u0647 \u06a9\u0646\u06cc\u0645.<\/p>\n<p>\u062f\u0631\u0635\u0648\u0631\u062a\u06cc\u200c\u06a9\u0647 \u0628\u0647 \u062f\u0646\u0628\u0627\u0644 \u0646\u0645\u06a9\u06cc \u0628\u0631\u0627\u06cc \u0645\u0635\u0631\u0641 \u0631\u0648\u0632\u0645\u0631\u0647 \u0648 \u062a\u0647\u06cc\u0647 \u063a\u0630\u0627\u0647\u0627\u06cc \u062e\u0648\u062f \u0647\u0633\u062a\u06cc\u062f\u060c \u0645\u06cc\u200c\u062a\u0648\u0627\u0646\u06cc\u062f \u0628\u0647 <strong>\u0646\u0645\u06a9<\/strong> \u0645\u0639\u0645\u0648\u0644\u06cc (\u0646\u0645\u06a9 \u0631\u0648\u0632\u0645\u0631\u0647) \u06a9\u0647 \u062f\u0631 \u067e\u0627\u0631\u0627\u06af\u0631\u0627\u0641 \u0642\u0628\u0644\u06cc \u0647\u0645 \u0630\u06a9\u0631 \u0634\u062f\u0647 \u0627\u0633\u062a\u060c \u0627\u06a9\u062a\u0641\u0627 \u06a9\u0646\u06cc\u062f. \u0627\u06cc\u0646 \u0646\u0648\u0639 <strong>\u0646\u0645\u06a9<\/strong> \u062f\u0631 \u0641\u0631\u0648\u0634\u06af\u0627\u0647\u200c\u0647\u0627 \u0628\u0631\u0627\u06cc \u0627\u0633\u062a\u0641\u0627\u062f\u0647 \u0639\u0645\u0648\u0645\u06cc \u062f\u0631 \u062f\u0633\u062a\u0631\u0633 \u0627\u0633\u062a \u0648 \u0645\u06cc\u200c\u062a\u0648\u0627\u0646\u06cc\u062f \u0628\u0627\u062a\u0648\u062c\u0647\u200c\u0628\u0647 \u0633\u0644\u06cc\u0642\u0647 \u0634\u062e\u0635\u06cc \u0648 \u0627\u0641\u0632\u0648\u062f\u0646 \u0622\u0646 \u0628\u0647 \u063a\u0630\u0627\u0647\u0627\u060c \u063a\u0630\u0627\u0647\u0627 \u0631\u0627 \u0628\u0647\u200c\u062e\u0648\u0628\u06cc \u0648 \u0628\u0627\u0646\u0645\u06a9 \u0644\u0627\u0632\u0645 \u0637\u0639\u0645\u200c\u062f\u0647\u06cc \u06a9\u0646\u06cc\u062f.<\/p>\n<p>\u0628\u0631\u062e\u06cc \u0627\u0632 <strong>\u0646\u0645\u06a9\u200c\u0647\u0627<\/strong> \u0634\u0627\u0645\u0644 \u0646\u0645\u06a9 \u062f\u0631\u06cc\u0627\u060c <strong>\u0646\u0645\u06a9<\/strong> \u0635\u062e\u0631\u0647\u200c\u0627\u06cc \u06cc\u0627 <strong>\u0646\u0645\u06a9<\/strong> \u0637\u0628\u06cc\u0639\u06cc \u0639\u0627\u0645\u0644 \u0627\u062d\u062a\u0645\u0627\u0644\u06cc \u0628\u0648\u062f\u0646 \u0645\u0648\u0627\u062f \u0622\u0644\u0648\u062f\u0647 \u0648 \u0645\u0648\u0627\u062f \u0632\u0627\u0626\u062f \u0628\u0647 <strong>\u0646\u0645\u06a9<\/strong> \u0647\u0633\u062a\u0646\u062f. \u0628\u0631\u0627\u06cc \u0627\u0637\u0645\u06cc\u0646\u0627\u0646 \u0627\u0632 \u06a9\u06cc\u0641\u06cc\u062a \u0645\u062d\u0635\u0648\u0644\u060c \u0645\u0639\u0645\u0648\u0644\u0627\u064b \u0628\u0647\u062a\u0631\u06cc\u0646 \u0631\u0648\u0634 \u0627\u0646\u062a\u062e\u0627\u0628 \u0646\u0645\u06a9 \u0628\u0627 \u0627\u0639\u0644\u0627\u0645 \u062e\u0627\u0644\u0635\u06cc\u062a \u0648 \u0627\u0633\u062a\u0627\u0646\u062f\u0627\u0631\u062f\u0647\u0627\u06cc \u0645\u0631\u0628\u0648\u0637\u0647 \u0627\u0633\u062a. \u0645\u06cc\u200c\u062a\u0648\u0627\u0646\u06cc\u062f \u0628\u0627\u062a\u0648\u062c\u0647\u200c\u0628\u0647 \u0646\u06cc\u0627\u0632\u0647\u0627 \u0648 \u062a\u0631\u062c\u06cc\u062d\u0627\u062a \u0634\u062e\u0635\u06cc \u062e\u0648\u062f\u060c \u0646\u0648\u0639 \u0646\u0645\u06a9 \u0631\u0627 \u0627\u0646\u062a\u062e\u0627\u0628 \u06a9\u0646\u06cc\u062f. \u0628\u0627\u0627\u06cc\u0646\u200c\u062d\u0627\u0644\u060c \u0637\u0628\u0642 \u0631\u0627\u0647\u0646\u0645\u0627\u06cc \u0645\u0631\u0627\u0642\u0628\u062a\u200c\u0647\u0627\u06cc \u0628\u0647\u062f\u0627\u0634\u062a\u06cc\u060c \u0645\u0635\u0631\u0641 <strong>\u0646\u0645\u06a9<\/strong> \u062f\u0631 \u062d\u062f \u0645\u0639\u0642\u0648\u0644 \u0648 \u067e\u0627\u06cc\u06cc\u0646\u060c \u0628\u0647\u200c\u062e\u0635\u0648\u0635 \u0628\u0631\u0627\u06cc \u0627\u0641\u0631\u0627\u062f\u06cc \u06a9\u0647 \u062f\u0627\u0631\u0627\u06cc \u0645\u0634\u06a9\u0644\u0627\u062a \u0633\u0644\u0627\u0645\u062a\u06cc \u0645\u0631\u062a\u0628\u0637 \u0628\u0627 \u0645\u0635\u0631\u0641 \u0646\u0645\u06a9 \u0647\u0633\u062a\u0646\u062f\u060c \u062a\u0648\u0635\u06cc\u0647 \u0645\u06cc\u200c\u0634\u0648\u062f.<\/p>\n<h3>\u0627\u06cc\u0646 \u0645\u062d\u0635\u0648\u0644 \u0645\u0646\u0627\u0633\u0628 \u0686\u0647 \u06a9\u0633\u0628\u200c\u0648\u06a9\u0627\u0631\u0647\u0627\u06cc\u06cc \u0627\u0633\u062a\u061f<\/h3>\n<p>\u0645\u0627 \u0628\u0647 \u0639\u0646\u0648\u0627\u0646 \u06cc\u06a9 \u062a\u0627\u0645\u06cc\u0646 \u06a9\u0646\u0646\u062f\u0647 \u0646\u0645\u06a9 \u0635\u0646\u0627\u06cc\u0639 \u063a\u0630\u0627\u06cc\u06cc\u060c \u0628\u0647 \u062e\u0648\u0628\u06cc \u0645\u06cc\u200c\u062f\u0627\u0646\u06cc\u0645 \u06a9\u0647 \u0645\u0634\u062a\u0631\u06cc\u0627\u0646 \u0639\u0645\u062f\u0647 \u0686\u0647 \u0646\u06cc\u0627\u0632\u06cc \u062f\u0627\u0631\u0646\u062f. \u0627\u06cc\u0646 \u0645\u062d\u0635\u0648\u0644 \u0628\u0627 \u062f\u0627\u0634\u062a\u0646 \u062a\u0627\u06cc\u06cc\u062f\u06cc\u0647\u200c\u0647\u0627\u06cc \u0628\u0647\u062f\u0627\u0634\u062a\u06cc\u060c \u06cc\u06a9 \u06af\u0632\u06cc\u0646\u0647 \u0628\u06cc\u200c\u0646\u0642\u0635 \u0628\u0631\u0627\u06cc \u0645\u0648\u0627\u0631\u062f \u0632\u06cc\u0631 \u0627\u0633\u062a:<\/p>\n<ul>\n<li>\u0646\u0645\u06a9 \u0631\u0633\u062a\u0648\u0631\u0627\u0646\u06cc \u0639\u0645\u062f\u0647: \u0628\u0631\u0627\u06cc \u0627\u0633\u062a\u0641\u0627\u062f\u0647 \u062f\u0631 \u0622\u0634\u067e\u0632\u062e\u0627\u0646\u0647\u200c\u0647\u0627\u06cc \u0635\u0646\u0639\u062a\u06cc \u0648 \u067e\u062e\u062a\u200c\u0648\u067e\u0632 \u0628\u0627 \u062d\u062c\u0645 \u0628\u0627\u0644\u0627.<\/li>\n<li>\u062e\u0631\u06cc\u062f \u0646\u0645\u06a9 \u0628\u0631\u0627\u06cc \u06a9\u062a\u0631\u06cc\u0646\u06af: \u0637\u0639\u0645\u200c\u062f\u0647\u06cc \u0639\u0627\u0644\u06cc \u0648 \u06cc\u06a9\u062f\u0633\u062a \u0628\u0647 \u063a\u0630\u0627\u0647\u0627\u06cc \u0622\u0645\u0627\u062f\u0647.<\/li>\n<li>\u0646\u0645\u06a9 \u062a\u0635\u0641\u06cc\u0647 \u0634\u062f\u0647 \u0628\u0631\u0627\u06cc \u0646\u0627\u0646\u0648\u0627\u06cc\u06cc: \u06a9\u0645\u06a9 \u0628\u0647 \u0639\u0645\u0644\u200c\u0622\u0648\u0631\u06cc \u0628\u0647\u062a\u0631 \u062e\u0645\u06cc\u0631 \u0648 \u0631\u0639\u0627\u06cc\u062a \u0627\u0633\u062a\u0627\u0646\u062f\u0627\u0631\u062f\u0647\u0627\u06cc \u067e\u062e\u062a \u0646\u0627\u0646.<\/li>\n<li>\u062a\u0645\u0627\u0645\u06cc \u0645\u0631\u0627\u06a9\u0632\u06cc \u06a9\u0647 \u0628\u0647 \u0646\u0645\u06a9 \u06cc\u062f\u062f\u0627\u0631 \u0627\u0633\u062a\u0627\u0646\u062f\u0627\u0631\u062f \u0635\u0646\u0639\u062a\u06cc \u0628\u0627 \u0642\u0627\u0628\u0644\u06cc\u062a \u062d\u0644\u200c\u0634\u0648\u0646\u062f\u06af\u06cc \u0628\u0627\u0644\u0627 \u0646\u06cc\u0627\u0632 \u062f\u0627\u0631\u0646\u062f.<\/li>\n<\/ul>\n<h2>\u0642\u06cc\u0645\u062a \u0648 \u062e\u0631\u06cc\u062f \u0645\u0633\u062a\u0642\u06cc\u0645 \u0627\u0632 \u06a9\u0627\u0631\u062e\u0627\u0646\u0647<\/h2>\n<p>\u0645\u062f\u06cc\u0631\u06cc\u062a \u0647\u0632\u06cc\u0646\u0647\u200c\u0647\u0627 \u062f\u0631 \u062e\u0631\u06cc\u062f\u0647\u0627\u06cc \u062a\u0646\u0627\u0698 \u0628\u0627\u0644\u0627 \u062d\u0631\u0641 \u0627\u0648\u0644 \u0631\u0627 \u0645\u06cc\u200c\u0632\u0646\u062f. \u0645\u0627 \u062f\u0631 \u0627\u0645\u06cc\u0634\u0627\u062f \u0634\u0631\u0627\u06cc\u0637\u06cc \u0641\u0631\u0627\u0647\u0645 \u06a9\u0631\u062f\u0647\u200c\u0627\u06cc\u0645 \u06a9\u0647 \u0628\u0627 \u062e\u0631\u06cc\u062f \u0645\u0633\u062a\u0642\u06cc\u0645 \u0646\u0645\u06a9 \u062a\u0635\u0641\u06cc\u0647 \u0634\u062f\u0647 \u0627\u0632 \u06a9\u0627\u0631\u062e\u0627\u0646\u0647\u060c \u062f\u0633\u062a \u0648\u0627\u0633\u0637\u0647\u200c\u0647\u0627 \u06a9\u0648\u062a\u0627\u0647 \u0634\u0648\u062f. \u0642\u06cc\u0645\u062a \u0639\u0645\u062f\u0647 \u0646\u0645\u06a9 \u06cc\u062f\u062f\u0627\u0631 \u062f\u0631 \u0627\u06cc\u0646 \u0633\u0627\u06cc\u062a \u0647\u0645\u06cc\u0634\u0647 \u062f\u0631 \u0631\u0642\u0627\u0628\u062a\u06cc\u200c\u062a\u0631\u06cc\u0646 \u062d\u0627\u0644\u062a \u0645\u0645\u06a9\u0646 \u0642\u0631\u0627\u0631 \u062f\u0627\u0631\u062f.<\/p>\n<p>\u0628\u0631\u0627\u06cc \u0627\u0637\u0644\u0627\u0639 \u0627\u0632 \u0642\u06cc\u0645\u062a \u0631\u0648\u0632 \u0646\u0645\u06a9 \u062a\u0635\u0641\u06cc\u0647 \u0634\u062f\u0647 \u06cc\u062f\u062f\u0627\u0631 \u06a9\u06cc\u0633\u0647 \u06f2\u06f0 \u06a9\u06cc\u0644\u0648\u06cc\u06cc \u0648 \u0628\u0631\u0631\u0633\u06cc \u062f\u0642\u06cc\u0642 \u0642\u06cc\u0645\u062a \u0646\u0645\u06a9 \u062a\u0635\u0641\u06cc\u0647 \u0634\u062f\u0647 \u06f2\u06f0 \u06a9\u06cc\u0644\u0648\u06cc\u06cc \u0645\u06cc\u200c\u062a\u0648\u0627\u0646\u06cc\u062f \u0647\u0645\u06cc\u0646 \u062d\u0627\u0644\u0627 \u0633\u0641\u0627\u0631\u0634 \u062e\u0648\u062f \u0631\u0627 \u062f\u0631 \u0633\u0627\u06cc\u062a \u062b\u0628\u062a \u06a9\u0646\u06cc\u062f. \u062a\u0636\u0645\u06cc\u0646 \u0645\u06cc\u200c\u06a9\u0646\u06cc\u0645 \u06a9\u0647 \u0642\u06cc\u0645\u062a \u06a9\u06cc\u0633\u0647 \u0646\u0645\u06a9 \u06f2\u06f0 \u06a9\u06cc\u0644\u0648\u06cc\u06cc \u0646\u0633\u0628\u062a \u0628\u0647 \u06a9\u06cc\u0641\u06cc\u062a \u0628\u0627\u0644\u0627\u06cc \u0622\u0646\u060c \u06a9\u0627\u0645\u0644\u0627\u064b \u0627\u0642\u062a\u0635\u0627\u062f\u06cc \u0627\u0633\u062a. \u0627\u0645\u06cc\u0634\u0627\u062f \u0628\u0647 \u0639\u0646\u0648\u0627\u0646 \u0641\u0631\u0648\u0634\u0646\u062f\u0647 \u0639\u0645\u062f\u0647 \u0646\u0645\u06a9\u060c \u0627\u0635\u0627\u0644\u062a \u0648 \u0633\u0644\u0627\u0645\u062a \u0628\u0627\u0631 \u0634\u0645\u0627 \u0631\u0627 \u062a\u0627 \u0645\u0642\u0635\u062f \u062a\u0636\u0645\u06cc\u0646 \u0645\u06cc\u200c\u06a9\u0646\u062f.<\/p>\n<p>\u0622\u06cc\u0627 \u0628\u0631\u0627\u06cc \u0631\u0633\u062a\u0648\u0631\u0627\u0646\u060c \u0646\u0627\u0646\u0648\u0627\u06cc\u06cc \u06cc\u0627 \u06a9\u0627\u0631\u06af\u0627\u0647 \u062a\u0648\u0644\u06cc\u062f\u06cc \u062e\u0648\u062f \u0628\u0647 \u0646\u0645\u06a9 \u0627\u0633\u062a\u0627\u0646\u062f\u0627\u0631\u062f \u0628\u0627 \u062d\u062c\u0645 \u0628\u0627\u0644\u0627 \u0646\u06cc\u0627\u0632 \u062f\u0627\u0631\u06cc\u062f\u061f \u0645\u062f\u06cc\u0631\u06cc\u062a \u0647\u0632\u06cc\u0646\u0647\u200c\u0647\u0627 \u0628\u0627 \u062e\u0631\u06cc\u062f \u0628\u062f\u0648\u0646 \u0648\u0627\u0633\u0637\u0647 \u0622\u063a\u0627\u0632 \u0645\u06cc\u200c\u0634\u0648\u062f. \u0628\u0631\u0627\u06cc \u0627\u0633\u062a\u0639\u0644\u0627\u0645 \u0642\u06cc\u0645\u062a \u0631\u0648\u0632 \u0648 \u062e\u0631\u06cc\u062f \u0639\u0645\u062f\u0647 \u0646\u0645\u06a9 \u062a\u0635\u0641\u06cc\u0647 \u0634\u062f\u0647 \u06cc\u062f\u062f\u0627\u0631 \u062f\u0631 \u06a9\u06cc\u0633\u0647\u200c\u0647\u0627\u06cc \u0627\u0642\u062a\u0635\u0627\u062f\u06cc \u06f2\u06f0 \u06a9\u06cc\u0644\u0648\u06cc\u06cc \u0645\u0633\u062a\u0642\u06cc\u0645 \u0627\u0632 \u06a9\u0627\u0631\u062e\u0627\u0646\u0647\u060c <a href=\"https:\/\/omishad.com\/salt\/\">\u06a9\u0644\u06cc\u06a9 \u06a9\u0646\u06cc\u062f<\/a> \u0648 \u0633\u0641\u0627\u0631\u0634 \u062e\u0648\u062f \u0631\u0627 \u0628\u0627 \u0628\u0647\u062a\u0631\u06cc\u0646 \u0642\u06cc\u0645\u062a \u0628\u0627\u0632\u0627\u0631 \u062b\u0628\u062a \u0646\u0645\u0627\u06cc\u06cc\u062f.<\/p>\n<p>&nbsp;<\/p>\n<p>&nbsp;<\/p>\n<p>\u062c\u0647\u062a \u06a9\u0633\u0628 \u0627\u0637\u0644\u0627\u0639\u0627\u062a \u0628\u06cc\u0634\u062a\u0631 \u0628\u0647 <a href=\"https:\/\/omishad.com\/blog\/increase-in-the-price-of-salt-1404-03-01\/\"><strong>\u062e\u0628\u0631 \u0645\u0631\u062a\u0628\u0637<\/strong><\/a> \u0628\u0627 \u0647\u0645\u06cc\u0646 \u0645\u062d\u0635\u0648\u0644 \u0631\u062c\u0648\u0639 \u06a9\u0646\u06cc\u062f.<\/p>\n<h3 style=\"text-align: center;\">\u062e\u0635\u0648\u0635\u06cc\u0627\u062a \u0645\u062d\u0635\u0648\u0644 \u0646\u0645\u06a9 \u062a\u0635\u0641\u06cc\u0647 \u0634\u062f\u0647 \u06cc\u062f\u062f\u0627\u0631 \u06f2\u06f0 \u06a9\u06cc\u0644\u0648\u06cc\u06cc \u0637\u0644\u0648\u0639 \u0639\u0645\u062f\u0647<\/h3>\n<div id=\"rank-math-rich-snippet-wrapper\">\t\t<h5 class=\"rank-math-title\">\u0646\u0645\u06a9 \u06cc\u062f\u062f\u0627\u0631 \u062a\u0635\u0641\u06cc\u0647 \u0634\u062f\u0647 20 \u06a9\u06cc\u0644\u0648\u06cc\u06cc<\/h5>\n\t\t\t\t<div class=\"rank-math-review-image\">\n\t\t\t<img decoding=\"async\" src=\"https:\/\/omishad.com\/wp-content\/uploads\/2023\/08\/10-219x300.jpg\" alt=\"\" title=\"\">\n\t\t<\/div>\n\t\t<div class=\"rank-math-review-data\">\n\n\t\t\t<p>\u0646\u0645\u06a9 \u062a\u0635\u0641\u06cc\u0647 \u0634\u062f\u0647 \u06cc\u062f\u062f\u0627\u0631 \u062f\u0631 \u06a9\u06cc\u0633\u0647 \u0647\u0627\u06cc 20 \u06a9\u06cc\u0644\u0648\u06cc\u06cc \u0646\u0645\u06a9 \u0645\u0642\u0631\u0648\u0646 \u0628\u0647 \u0635\u0631\u0641\u0647 \u0628\u0631\u0627\u06cc \u0631\u0633\u062a\u0648\u0631\u0627\u0646 \u0647\u0627\u060c \u0647\u062a\u0644 \u0647\u0627\u060c \u0641\u0633\u062a \u0641\u0648\u062f \u0647\u0627 \u0622\u0634\u067e\u0632\u062e\u0627\u0646\u0647 \u0647\u0627 \u0648 \u06a9\u0627\u0631\u062e\u0627\u0646\u0647 \u0647\u0627 \u0627\u0633\u062a \u0648 ...<\/p>\n\t\t\n\t\t\t<p>\n\t\t\t<strong>Product SKU: <\/strong>\n\t\t\t101010229\t\t<\/p>\n\t\t\n\t\t\t<p>\n\t\t\t<strong>Product Brand: <\/strong>\n\t\t\t\u0646\u0645\u06a9 \u0637\u0644\u0648\u0639, \u0646\u0645\u06a9 \u0627\u06cc\u0631\u0627\u0646\t\t<\/p>\n\t\t\n\t\n\t\t\t\t<p>\n\t\t\t<strong>Product Currency: <\/strong>\n\t\t\tIRR\t\t<\/p>\n\t\t\n\t\t\t\t<p>\n\t\t\t<strong>Product Price: <\/strong>\n\t\t\t2280000\t\t<\/p>\n\t\t\n\t\t\t\t<p>\n\t\t\t<strong>Price Valid Until: <\/strong>\n\t\t\t2025-03-31\t\t<\/p>\n\t\t\n\t\t\t\t<p>\n\t\t\t<strong>Product In-Stock: <\/strong>\n\t\t\tInStock\t\t<\/p>\n\t\t\n\t\n\t\t\t<div class=\"rank-math-total-wrapper\">\n\n\t\t\t<strong>Edit\u00f6r\u00fcn de\u011ferlendirmesi:<\/strong><br \/>\n\n\t\t\t<span class=\"rank-math-total\">4.5<\/span>\n\n\t\t\t<div class=\"rank-math-review-star\">\n\n\t\t\t\t<div class=\"rank-math-review-result-wrapper\">\n\n\t\t\t\t\t<i class=\"rank-math-star\"><\/i><i class=\"rank-math-star\"><\/i><i class=\"rank-math-star\"><\/i><i class=\"rank-math-star\"><\/i>\n\t\t\t\t\t<div class=\"rank-math-review-result\" style=\"width:112.5%;\">\n\t\t\t\t\t\t<i class=\"rank-math-star\"><\/i><i class=\"rank-math-star\"><\/i><i class=\"rank-math-star\"><\/i><i class=\"rank-math-star\"><\/i>\t\t\t\t\t<\/div>\n\n\t\t\t\t<\/div>\n\n\t\t\t<\/div>\n\n\t\t<\/div>\n\t\t\n<\/div>\n<\/div>\n","protected":false},"excerpt":{"rendered":"<p><strong>\u0646\u0645\u06a9 \u062a\u0635\u0641\u06cc\u0647 \u0634\u062f\u0647 \u06cc\u062f\u062f\u0627\u0631 \u06f2\u06f0 \u06a9\u06cc\u0644\u0648\u06cc\u06cc \u0637\u0644\u0648\u0639<\/strong><\/p>\n<ul>\n<li><strong>\u062a\u0631\u06a9\u06cc\u0628\u0627\u062a : \u06a9\u0644\u0631\u0648\u0631 \u0633\u062f\u06cc\u0645 \u06cc\u062f\u0627\u062a \u067e\u062a\u0627\u0633\u06cc\u0645<\/strong><\/li>\n<li><strong>\u0645\u0648\u0627\u062f \u0627\u0641\u0632\u0648\u062f\u0646\u06cc: \u0641\u0631\u0648\u0633\u06cc\u0627\u0646\u06cc\u062f \u067e\u062a\u0627\u0633\u06cc\u0645 ( % \u06f0.\u06f0\u06f0\u06f0\u06f5 )<\/strong><\/li>\n<li><strong>\u0645\u06cc\u0632\u0627\u0646 \u06cc\u062f: \u06f4\u06f5 \u06af\u0627\u0645\u0627<\/strong><\/li>\n<li><strong>\u062d\u062f\u0627\u0642\u0644 \u062f\u0631\u0635\u062f \u062e\u0644\u0648\u0635: \u06f9\u06f9\/\u06f2 \u062f\u0631\u0635\u062f<\/strong><\/li>\n<\/ul>\n","protected":false},"featured_media":3475,"comment_status":"open","ping_status":"closed","template":"","meta":[],"product_brand":[],"product_cat":[502],"product_tag":[638],"class_list":{"0":"post-3474","1":"product","2":"type-product","3":"status-publish","4":"has-post-thumbnail","6":"product_cat-spices","7":"product_tag-major","9":"first","10":"instock","11":"shipping-taxable","12":"purchasable","13":"product-type-simple"},"_links":{"self":[{"href":"https:\/\/omishad.com\/tr\/wp-json\/wp\/v2\/product\/3474","targetHints":{"allow":["GET"]}}],"collection":[{"href":"https:\/\/omishad.com\/tr\/wp-json\/wp\/v2\/product"}],"about":[{"href":"https:\/\/omishad.com\/tr\/wp-json\/wp\/v2\/types\/product"}],"replies":[{"embeddable":true,"href":"https:\/\/omishad.com\/tr\/wp-json\/wp\/v2\/comments?post=3474"}],"wp:featuredmedia":[{"embeddable":true,"href":"https:\/\/omishad.com\/tr\/wp-json\/wp\/v2\/media\/3475"}],"wp:attachment":[{"href":"https:\/\/omishad.com\/tr\/wp-json\/wp\/v2\/media?parent=3474"}],"wp:term":[{"taxonomy":"product_brand","embeddable":true,"href":"https:\/\/omishad.com\/tr\/wp-json\/wp\/v2\/product_brand?post=3474"},{"taxonomy":"product_cat","embeddable":true,"href":"https:\/\/omishad.com\/tr\/wp-json\/wp\/v2\/product_cat?post=3474"},{"taxonomy":"product_tag","embeddable":true,"href":"https:\/\/omishad.com\/tr\/wp-json\/wp\/v2\/product_tag?post=3474"}],"curies":[{"name":"wp","href":"https:\/\/api.w.org\/{rel}","templated":true}]}}